{"id":165,"date":"2024-09-11T21:11:48","date_gmt":"2024-09-11T21:11:48","guid":{"rendered":"https:\/\/grupoeditorialarpasl.es\/?page_id=165"},"modified":"2024-09-12T19:52:40","modified_gmt":"2024-09-12T19:52:40","slug":"programa-diagnostico-y-reparacion","status":"publish","type":"page","link":"https:\/\/grupoeditorialarpasl.es\/?page_id=165","title":{"rendered":"Programa Diagn\u00f3stico y Reparaci\u00f3n"},"content":{"rendered":"\n<figure class=\"wp-block-image size-large\"><img loading=\"lazy\" decoding=\"async\" width=\"1024\" height=\"416\" src=\"https:\/\/grupoeditorialarpasl.es\/wp-content\/uploads\/2024\/09\/BANNER-DR-1-1024x416.png\" alt=\"\" class=\"wp-image-166\" srcset=\"https:\/\/grupoeditorialarpasl.es\/wp-content\/uploads\/2024\/09\/BANNER-DR-1-1024x416.png 1024w, https:\/\/grupoeditorialarpasl.es\/wp-content\/uploads\/2024\/09\/BANNER-DR-1-300x122.png 300w, https:\/\/grupoeditorialarpasl.es\/wp-content\/uploads\/2024\/09\/BANNER-DR-1-768x312.png 768w, https:\/\/grupoeditorialarpasl.es\/wp-content\/uploads\/2024\/09\/BANNER-DR-1.png 1280w\" sizes=\"auto, (max-width: 1024px) 100vw, 1024px\" \/><\/figure>\n\n\n\n<p>Este programa contiene:<\/p>\n\n\n\n<figure class=\"wp-block-table\"><table class=\"has-fixed-layout\"><tbody><tr><td><strong>Gu\u00edas de revisi\u00f3n<\/strong><br>\u00b7 Programas de revisi\u00f3n de los fabricantes.<br>\u00b7 S\u00edntesis de revisi\u00f3n.<br>\u00b7 Ilustraciones de revisi\u00f3n.<br>\u00b7 Indicador de intervalos de revisi\u00f3n<br>\u00b7 Mantenimiento del aire acondicionado.<br>\u00b7 Aceite de motor.<br>\u00b7 Servicio de frenos.<br>\u00b7 Resumen de revisi\u00f3n.<\/td><td><strong>Procedimientos de mantenimiento<\/strong><br>\u00b7 Sustituci\u00f3n de correas\/cadenas de la distribuci\u00f3n.<br>\u00b7 Desactivaci\u00f3n del freno de estacionamiento el\u00e9ctrico.<br>\u00b7 TPMS.<br>\u00b7 Programaci\u00f3n de llaves.<br>\u00b7 Desconexi\u00f3n y conexi\u00f3n de la bater\u00eda.<br>\u00b7 Sustituci\u00f3n de bombillas<\/td><\/tr><tr><td><strong>Especificaciones t\u00e9cnicas<\/strong><br>\u00b7 Soluciones de problemas e informaci\u00f3n de reparaci\u00f3n.<br>\u00b7 Neum\u00e1ticos y alineaci\u00f3n de ruedas.<br>\u00b7 L\u00edquidos y lubricantes.<br>\u00b7 Pares de apriete y valores de ajuste.<br>\u00b7 Localizaci\u00f3n de componentes generales.<br>\u00b7 Fusibles y rel\u00e9s.<\/td><td><strong>Diagnosis y soluci\u00f3n de problemas<\/strong><br>\u00b7 Gesti\u00f3n del motor.<br>\u00b7 Embragues.<br>\u00b7 Post-tratamiento de gases de escape de motores Diesel.<br>\u00b7 ABS\/ESP.<br>\u00b7 Airbags.<br>\u00b7 Aire acondicionado.<\/td><\/tr><tr><td><strong>Tiempos de Reparaci\u00f3n<\/strong><br>\u00b7 Mec\u00e1nica.<br>\u00b7 Electricidad.<br>\u00b7 Carrocer\u00eda.<\/td><td><\/td><\/tr><\/tbody><\/table><\/figure>\n\n\n\n<p>Contacta con nosotros para obtener mas informaci\u00f3n y obtener un presupuesto:<\/p>\n\n\n\n<div class=\"wp-block-buttons is-layout-flex wp-block-buttons-is-layout-flex\">\n<div class=\"wp-block-button\"><a class=\"wp-block-button__link wp-element-button\" href=\"https:\/\/grupoeditorialarpasl.es\/?page_id=45\">Llama ya<\/a><\/div>\n<\/div>\n\n\n\n<figure class=\"wp-block-image size-large\"><img loading=\"lazy\" decoding=\"async\" width=\"741\" height=\"1024\" src=\"https:\/\/grupoeditorialarpasl.es\/wp-content\/uploads\/2024\/09\/CIRCULAR-OFERTA-640-E-1-741x1024.png\" alt=\"\" class=\"wp-image-189\" srcset=\"https:\/\/grupoeditorialarpasl.es\/wp-content\/uploads\/2024\/09\/CIRCULAR-OFERTA-640-E-1-741x1024.png 741w, https:\/\/grupoeditorialarpasl.es\/wp-content\/uploads\/2024\/09\/CIRCULAR-OFERTA-640-E-1-217x300.png 217w, https:\/\/grupoeditorialarpasl.es\/wp-content\/uploads\/2024\/09\/CIRCULAR-OFERTA-640-E-1-768x1061.png 768w, https:\/\/grupoeditorialarpasl.es\/wp-content\/uploads\/2024\/09\/CIRCULAR-OFERTA-640-E-1-1112x1536.png 1112w, https:\/\/grupoeditorialarpasl.es\/wp-content\/uploads\/2024\/09\/CIRCULAR-OFERTA-640-E-1-1483x2048.png 1483w\" sizes=\"auto, (max-width: 741px) 100vw, 741px\" \/><\/figure>\n","protected":false},"excerpt":{"rendered":"<p>Este programa contiene: Gu\u00edas de revisi\u00f3n\u00b7 Programas de revisi\u00f3n de los fabricantes.\u00b7 S\u00edntesis de revisi\u00f3n.\u00b7 Ilustraciones de revisi\u00f3n.\u00b7 Indicador de intervalos de revisi\u00f3n\u00b7 Mantenimiento del aire acondicionado.\u00b7 Aceite de motor.\u00b7 Servicio de frenos.\u00b7 Resumen de revisi\u00f3n. Procedimientos de mantenimiento\u00b7 Sustituci\u00f3n de correas\/cadenas de la distribuci\u00f3n.\u00b7 Desactivaci\u00f3n del freno de estacionamiento el\u00e9ctrico.\u00b7 TPMS.\u00b7 Programaci\u00f3n de llaves.\u00b7 [&hellip;]<\/p>\n","protected":false},"author":1,"featured_media":0,"parent":0,"menu_order":0,"comment_status":"closed","ping_status":"closed","template":"","meta":{"footnotes":""},"class_list":["post-165","page","type-page","status-publish","hentry"],"_links":{"self":[{"href":"https:\/\/grupoeditorialarpasl.es\/index.php?rest_route=\/wp\/v2\/pages\/165","targetHints":{"allow":["GET"]}}],"collection":[{"href":"https:\/\/grupoeditorialarpasl.es\/index.php?rest_route=\/wp\/v2\/pages"}],"about":[{"href":"https:\/\/grupoeditorialarpasl.es\/index.php?rest_route=\/wp\/v2\/types\/page"}],"author":[{"embeddable":true,"href":"https:\/\/grupoeditorialarpasl.es\/index.php?rest_route=\/wp\/v2\/users\/1"}],"replies":[{"embeddable":true,"href":"https:\/\/grupoeditorialarpasl.es\/index.php?rest_route=%2Fwp%2Fv2%2Fcomments&post=165"}],"version-history":[{"count":5,"href":"https:\/\/grupoeditorialarpasl.es\/index.php?rest_route=\/wp\/v2\/pages\/165\/revisions"}],"predecessor-version":[{"id":190,"href":"https:\/\/grupoeditorialarpasl.es\/index.php?rest_route=\/wp\/v2\/pages\/165\/revisions\/190"}],"wp:attachment":[{"href":"https:\/\/grupoeditorialarpasl.es\/index.php?rest_route=%2Fwp%2Fv2%2Fmedia&parent=165"}],"curies":[{"name":"wp","href":"https:\/\/api.w.org\/{rel}","templated":true}]}}