{"id":157,"date":"2024-09-11T21:08:27","date_gmt":"2024-09-11T21:08:27","guid":{"rendered":"https:\/\/grupoeditorialarpasl.es\/?page_id=157"},"modified":"2024-09-14T10:38:04","modified_gmt":"2024-09-14T10:38:04","slug":"programas","status":"publish","type":"page","link":"https:\/\/grupoeditorialarpasl.es\/?page_id=157","title":{"rendered":"Programas"},"content":{"rendered":"\n<figure class=\"wp-block-image size-large\"><img loading=\"lazy\" decoding=\"async\" width=\"1024\" height=\"416\" src=\"https:\/\/grupoeditorialarpasl.es\/wp-content\/uploads\/2024\/09\/4-IVA-1024x416.jpg\" alt=\"\" class=\"wp-image-183\" srcset=\"https:\/\/grupoeditorialarpasl.es\/wp-content\/uploads\/2024\/09\/4-IVA-1024x416.jpg 1024w, https:\/\/grupoeditorialarpasl.es\/wp-content\/uploads\/2024\/09\/4-IVA-300x122.jpg 300w, https:\/\/grupoeditorialarpasl.es\/wp-content\/uploads\/2024\/09\/4-IVA-768x312.jpg 768w, https:\/\/grupoeditorialarpasl.es\/wp-content\/uploads\/2024\/09\/4-IVA.jpg 1280w\" sizes=\"auto, (max-width: 1024px) 100vw, 1024px\" \/><\/figure>\n\n\n\n<p><strong>PROGRAMA DIAGN\u00d3STICO Y REPARACI\u00d3N <\/strong><\/p>\n\n\n\n<p>El mejor programa de mec\u00e1nica y electricidad para autom\u00f3viles.<\/p>\n\n\n\n<figure class=\"wp-block-image size-large\"><img loading=\"lazy\" decoding=\"async\" width=\"1024\" height=\"416\" src=\"https:\/\/grupoeditorialarpasl.es\/wp-content\/uploads\/2024\/09\/BANNER-DR-1024x416.png\" alt=\"\" class=\"wp-image-163\" srcset=\"https:\/\/grupoeditorialarpasl.es\/wp-content\/uploads\/2024\/09\/BANNER-DR-1024x416.png 1024w, https:\/\/grupoeditorialarpasl.es\/wp-content\/uploads\/2024\/09\/BANNER-DR-300x122.png 300w, https:\/\/grupoeditorialarpasl.es\/wp-content\/uploads\/2024\/09\/BANNER-DR-768x312.png 768w, https:\/\/grupoeditorialarpasl.es\/wp-content\/uploads\/2024\/09\/BANNER-DR.png 1280w\" sizes=\"auto, (max-width: 1024px) 100vw, 1024px\" \/><\/figure>\n\n\n\n<figure class=\"wp-block-image size-large\"><img loading=\"lazy\" decoding=\"async\" width=\"1024\" height=\"416\" src=\"https:\/\/grupoeditorialarpasl.es\/wp-content\/uploads\/2024\/09\/banner_tutoriales_arpa_2-copia-2-1024x416.jpg\" alt=\"\" class=\"wp-image-193\" srcset=\"https:\/\/grupoeditorialarpasl.es\/wp-content\/uploads\/2024\/09\/banner_tutoriales_arpa_2-copia-2-1024x416.jpg 1024w, https:\/\/grupoeditorialarpasl.es\/wp-content\/uploads\/2024\/09\/banner_tutoriales_arpa_2-copia-2-300x122.jpg 300w, https:\/\/grupoeditorialarpasl.es\/wp-content\/uploads\/2024\/09\/banner_tutoriales_arpa_2-copia-2-768x312.jpg 768w, https:\/\/grupoeditorialarpasl.es\/wp-content\/uploads\/2024\/09\/banner_tutoriales_arpa_2-copia-2.jpg 1280w\" sizes=\"auto, (max-width: 1024px) 100vw, 1024px\" \/><\/figure>\n\n\n\n<p><strong><mark style=\"background-color:rgba(0, 0, 0, 0)\" class=\"has-inline-color has-contrast-color\">!NOVEDAD!&nbsp;<\/mark><\/strong>Los programas de Autodata ahora cuentan con&nbsp;<strong>PRODUCTOS DE CAPACITACI\u00d3N<\/strong>. Una plataforma en l\u00ednea donde a partir del 1\/10\/2022 ofreceremos m\u00e1s de 350 tutoriales para talleres, y el equipo de formaci\u00f3n a\u00f1adir\u00e1 uno o dos nuevos tutoriales cada mes. S\u00f3lo para&nbsp;<strong>SUSCRIPTORES DE LOS PROGRAMAS ONLINE<\/strong>.<\/p>\n\n\n\n<p>Este&nbsp;programa es una&nbsp;<strong>SUSCRIPCI\u00d3N ANUAL<\/strong>&nbsp;por internet.&nbsp;<\/p>\n\n\n\n<p>Nosotros estamos haciendo una serie de promociones, que son las siguientes:&nbsp;<\/p>\n\n\n\n<p>1- El programa se puede pagar&nbsp;<strong>AL CONTADO.<\/strong><\/p>\n\n\n\n<p>2-&nbsp;Tambi\u00e9n se puede pagar en&nbsp;<strong>CUATRO MENSUALIDADES CONSECUTIVAS.<\/strong><\/p>\n\n\n\n<p>3-&nbsp;Y, por \u00faltimo, tambi\u00e9n se puede pagar en&nbsp;<strong>DOCE MENSUALIDADES.<\/strong><\/p>\n\n\n\n<p>Adem\u00e1s, tenemos el placer de poner a su disposici\u00f3n&nbsp;UNA&nbsp;<strong>VERSI\u00d3N DE&nbsp;PRUEBAS \u201cDEMO\u201d<\/strong>, que&nbsp;durante un periodo de 30 d\u00edas le permitir\u00e1 trabajar con el&nbsp;programa completo y&nbsp;as\u00ed comprobar por usted mismo su&nbsp;alto grado de eficacia y su m\u00e1ximo nivel de&nbsp;calidad.<\/p>\n\n\n\n<div class=\"wp-block-buttons is-layout-flex wp-block-buttons-is-layout-flex\">\n<div class=\"wp-block-button\"><a class=\"wp-block-button__link wp-element-button\" href=\"https:\/\/grupoeditorialarpasl.es\/?page_id=165\">M\u00e1s informaci\u00f3n<\/a><\/div>\n<\/div>\n\n\n\n<p><strong>PROGRAMA SERVICIO Y MANTENIMIENTO<\/strong><\/p>\n\n\n\n<p>El programa m\u00e1s eficaz de servicio y mantenimiento para autom\u00f3viles.<\/p>\n\n\n\n<figure class=\"wp-block-image size-large\"><img loading=\"lazy\" decoding=\"async\" width=\"1024\" height=\"416\" src=\"https:\/\/grupoeditorialarpasl.es\/wp-content\/uploads\/2024\/09\/BANNER-SM-1024x416.png\" alt=\"\" class=\"wp-image-162\" srcset=\"https:\/\/grupoeditorialarpasl.es\/wp-content\/uploads\/2024\/09\/BANNER-SM-1024x416.png 1024w, https:\/\/grupoeditorialarpasl.es\/wp-content\/uploads\/2024\/09\/BANNER-SM-300x122.png 300w, https:\/\/grupoeditorialarpasl.es\/wp-content\/uploads\/2024\/09\/BANNER-SM-768x312.png 768w, https:\/\/grupoeditorialarpasl.es\/wp-content\/uploads\/2024\/09\/BANNER-SM.png 1280w\" sizes=\"auto, (max-width: 1024px) 100vw, 1024px\" \/><\/figure>\n\n\n\n<figure class=\"wp-block-image size-large\"><img loading=\"lazy\" decoding=\"async\" width=\"1024\" height=\"416\" src=\"https:\/\/grupoeditorialarpasl.es\/wp-content\/uploads\/2024\/09\/banner_tutoriales_arpa_2-copia-1-1024x416.jpg\" alt=\"\" class=\"wp-image-187\" srcset=\"https:\/\/grupoeditorialarpasl.es\/wp-content\/uploads\/2024\/09\/banner_tutoriales_arpa_2-copia-1-1024x416.jpg 1024w, https:\/\/grupoeditorialarpasl.es\/wp-content\/uploads\/2024\/09\/banner_tutoriales_arpa_2-copia-1-300x122.jpg 300w, https:\/\/grupoeditorialarpasl.es\/wp-content\/uploads\/2024\/09\/banner_tutoriales_arpa_2-copia-1-768x312.jpg 768w, https:\/\/grupoeditorialarpasl.es\/wp-content\/uploads\/2024\/09\/banner_tutoriales_arpa_2-copia-1.jpg 1280w\" sizes=\"auto, (max-width: 1024px) 100vw, 1024px\" \/><\/figure>\n\n\n\n<p><strong><mark style=\"background-color:rgba(0, 0, 0, 0)\" class=\"has-inline-color has-contrast-color\">\u00a1NOVEDAD!<\/mark>&nbsp;<\/strong>Los programas de Autodata ahora cuentan con&nbsp;<strong>PRODUCTOS DE CAPACITACI\u00d3N<\/strong>. Una plataforma en l\u00ednea donde a partir del 1\/10\/2022 ofreceremos m\u00e1s de 350 tutoriales para talleres, y el equipo de formaci\u00f3n a\u00f1adir\u00e1 uno o dos nuevos tutoriales cada mes. S\u00f3lo para&nbsp;<strong>SUSCRIPTORES DE LOS PROGRAMAS ONLINE<\/strong>.<\/p>\n\n\n\n<p>Este&nbsp;programa es una&nbsp;<strong>SUSCRIPCI\u00d3N ANUAL<\/strong>&nbsp;por internet.&nbsp;<\/p>\n\n\n\n<p>Nosotros estamos haciendo una serie de promociones, que son las siguientes:&nbsp;<\/p>\n\n\n\n<p>1- El programa se puede pagar&nbsp;<strong>AL CONTADO.<\/strong><\/p>\n\n\n\n<p>2-&nbsp;Tambi\u00e9n se puede pagar en&nbsp;<strong>CUATRO MENSUALIDADES CONSECUTIVAS.<\/strong><\/p>\n\n\n\n<p>Adem\u00e1s, tenemos el placer de poner a su disposici\u00f3n&nbsp;UNA&nbsp;<strong>VERSI\u00d3N DE&nbsp;PRUEBAS \u201cDEMO\u201d<\/strong>, que&nbsp;durante un periodo de 30 d\u00edas le permitir\u00e1 trabajar con el&nbsp;programa completo y&nbsp;as\u00ed comprobar por usted mismo su&nbsp;alto grado de eficacia y su m\u00e1ximo nivel de&nbsp;calidad.<\/p>\n\n\n\n<div class=\"wp-block-buttons is-layout-flex wp-block-buttons-is-layout-flex\">\n<div class=\"wp-block-button\"><a class=\"wp-block-button__link wp-element-button\" href=\"https:\/\/grupoeditorialarpasl.es\/?page_id=170\">M\u00e1s informaci\u00f3n<\/a><\/div>\n<\/div>\n\n\n\n<p><\/p>\n\n\n\n<p><strong>PROGRAMA DE MOTOCICLETAS<\/strong><\/p>\n\n\n\n<p>El mejor programa de mec\u00e1nica de motocicletas.<\/p>\n\n\n\n<figure class=\"wp-block-gallery has-nested-images columns-default is-cropped wp-block-gallery-1 is-layout-flex wp-block-gallery-is-layout-flex\">\n<figure class=\"wp-block-image size-large\"><img loading=\"lazy\" decoding=\"async\" width=\"1024\" height=\"416\" data-id=\"161\" src=\"https:\/\/grupoeditorialarpasl.es\/wp-content\/uploads\/2024\/09\/BANNER-MOTOCICLETAS-1024x416.png\" alt=\"\" class=\"wp-image-161\" srcset=\"https:\/\/grupoeditorialarpasl.es\/wp-content\/uploads\/2024\/09\/BANNER-MOTOCICLETAS-1024x416.png 1024w, https:\/\/grupoeditorialarpasl.es\/wp-content\/uploads\/2024\/09\/BANNER-MOTOCICLETAS-300x122.png 300w, https:\/\/grupoeditorialarpasl.es\/wp-content\/uploads\/2024\/09\/BANNER-MOTOCICLETAS-768x312.png 768w, https:\/\/grupoeditorialarpasl.es\/wp-content\/uploads\/2024\/09\/BANNER-MOTOCICLETAS.png 1280w\" sizes=\"auto, (max-width: 1024px) 100vw, 1024px\" \/><\/figure>\n<\/figure>\n\n\n\n<p>Este&nbsp;programa es una&nbsp;<strong>SUSCRIPCI\u00d3N ANUAL<\/strong>&nbsp;por internet.&nbsp;<\/p>\n\n\n\n<p>Adem\u00e1s, tenemos el placer de poner a su disposici\u00f3n&nbsp;UNA&nbsp;<strong>VERSI\u00d3N DE&nbsp;PRUEBAS \u201cDEMO\u201d<\/strong>, que&nbsp;durante un periodo de 30 d\u00edas le permitir\u00e1 trabajar con el&nbsp;programa completo y&nbsp;as\u00ed comprobar por usted mismo su&nbsp;alto grado de eficacia y su m\u00e1ximo nivel de&nbsp;calidad.<\/p>\n\n\n\n<div class=\"wp-block-buttons is-layout-flex wp-block-buttons-is-layout-flex\">\n<div class=\"wp-block-button\"><a class=\"wp-block-button__link wp-element-button\" href=\"https:\/\/grupoeditorialarpasl.es\/?page_id=174\">M\u00e1s informaci\u00f3n<\/a><\/div>\n<\/div>\n\n\n\n<p><\/p>\n","protected":false},"excerpt":{"rendered":"<p>PROGRAMA DIAGN\u00d3STICO Y REPARACI\u00d3N El mejor programa de mec\u00e1nica y electricidad para autom\u00f3viles. !NOVEDAD!&nbsp;Los programas de Autodata ahora cuentan con&nbsp;PRODUCTOS DE CAPACITACI\u00d3N. Una plataforma en l\u00ednea donde a partir del 1\/10\/2022 ofreceremos m\u00e1s de 350 tutoriales para talleres, y el equipo de formaci\u00f3n a\u00f1adir\u00e1 uno o dos nuevos tutoriales cada mes. S\u00f3lo para&nbsp;SUSCRIPTORES DE LOS [&hellip;]<\/p>\n","protected":false},"author":1,"featured_media":0,"parent":0,"menu_order":0,"comment_status":"closed","ping_status":"closed","template":"","meta":{"footnotes":""},"class_list":["post-157","page","type-page","status-publish","hentry"],"_links":{"self":[{"href":"https:\/\/grupoeditorialarpasl.es\/index.php?rest_route=\/wp\/v2\/pages\/157","targetHints":{"allow":["GET"]}}],"collection":[{"href":"https:\/\/grupoeditorialarpasl.es\/index.php?rest_route=\/wp\/v2\/pages"}],"about":[{"href":"https:\/\/grupoeditorialarpasl.es\/index.php?rest_route=\/wp\/v2\/types\/page"}],"author":[{"embeddable":true,"href":"https:\/\/grupoeditorialarpasl.es\/index.php?rest_route=\/wp\/v2\/users\/1"}],"replies":[{"embeddable":true,"href":"https:\/\/grupoeditorialarpasl.es\/index.php?rest_route=%2Fwp%2Fv2%2Fcomments&post=157"}],"version-history":[{"count":6,"href":"https:\/\/grupoeditorialarpasl.es\/index.php?rest_route=\/wp\/v2\/pages\/157\/revisions"}],"predecessor-version":[{"id":197,"href":"https:\/\/grupoeditorialarpasl.es\/index.php?rest_route=\/wp\/v2\/pages\/157\/revisions\/197"}],"wp:attachment":[{"href":"https:\/\/grupoeditorialarpasl.es\/index.php?rest_route=%2Fwp%2Fv2%2Fmedia&parent=157"}],"curies":[{"name":"wp","href":"https:\/\/api.w.org\/{rel}","templated":true}]}}